{"id":105,"date":"2024-12-03T15:00:46","date_gmt":"2024-12-03T21:00:46","guid":{"rendered":"https:\/\/estadistica.unam.mx\/?page_id=105"},"modified":"2026-04-08T14:04:05","modified_gmt":"2026-04-08T20:04:05","slug":"home","status":"publish","type":"page","link":"https:\/\/estadistica.unam.mx\/","title":{"rendered":"Inicio"},"content":{"rendered":"\n<div class=\"wp-block-group alignfull has-global-padding is-layout-constrained wp-container-core-group-is-layout-f63238f3 wp-block-group-is-layout-constrained\" style=\"margin-top:0;margin-bottom:0;padding-top:var(--wp--preset--spacing--20);padding-right:var(--wp--preset--spacing--30);padding-bottom:var(--wp--preset--spacing--20);padding-left:var(--wp--preset--spacing--30)\">\n<div class=\"wp-block-columns alignwide are-vertically-aligned-top is-layout-flex wp-container-core-columns-is-layout-fa584acd wp-block-columns-is-layout-flex\">\n<div class=\"wp-block-column is-vertically-aligned-top is-layout-flow wp-block-column-is-layout-flow\">\n<h2 class=\"wp-block-heading has-accent-1-color has-text-color has-link-color has-xx-large-font-size wp-elements-ff0137bb5ff0694971717f256e9de399\" style=\"border-style:none;border-width:0px;border-radius:0px\"><strong>estad\u00edstica<mark style=\"background-color:rgba(0, 0, 0, 0)\" class=\"has-inline-color has-accent-2-color\">.unam<\/mark><\/strong><\/h2>\n\n\n\n<p class=\"has-medium-font-size\">Bienvenido al portal oficial de estad\u00edstica de la Universidad Nacional Aut\u00f3noma de M\u00e9xico. Aqu\u00ed encontrar\u00e1s informaci\u00f3n confiable, actualizada y organizada sobre el desempe\u00f1o acad\u00e9mico, actividades institucionales y proyectos estrat\u00e9gicos de la UNAM. Este portal est\u00e1 dise\u00f1ado para ofrecerte un panorama de las estad\u00edsticas m\u00e1s relevantes de la Universidad.<\/p>\n\n\n\n<p class=\"has-medium-font-size\">Nuestra misi\u00f3n es promover la transparencia y el acceso a la informaci\u00f3n, contribuyendo al conocimiento y a la toma de decisiones informadas.<\/p>\n<\/div>\n\n\n\n<div class=\"wp-block-column is-vertically-aligned-top is-layout-flow wp-block-column-is-layout-flow\">\n<figure class=\"wp-block-image aligncenter size-full wp-duotone-19191933-191919-1\"><img loading=\"lazy\" decoding=\"async\" width=\"1200\" height=\"830\" src=\"http:\/\/estadistica.unam.mx\/wp-content\/uploads\/2024\/12\/campus.png\" alt=\"\" class=\"wp-image-261\" srcset=\"https:\/\/estadistica.unam.mx\/wp-content\/uploads\/2024\/12\/campus.png 1200w, https:\/\/estadistica.unam.mx\/wp-content\/uploads\/2024\/12\/campus-300x208.png 300w, https:\/\/estadistica.unam.mx\/wp-content\/uploads\/2024\/12\/campus-1024x708.png 1024w, https:\/\/estadistica.unam.mx\/wp-content\/uploads\/2024\/12\/campus-768x531.png 768w\" sizes=\"auto, (max-width: 1200px) 100vw, 1200px\" \/><\/figure>\n<\/div>\n<\/div>\n<\/div>\n\n\n\n<hr class=\"wp-block-separator has-alpha-channel-opacity is-style-wide is-style-wide--2\"\/>\n\n\n\n<div id=\"wp-block-themeisle-blocks-advanced-columns-55b78b58\" class=\"wp-block-themeisle-blocks-advanced-columns alignfull has-3-columns has-desktop-equal-layout has-tablet-equal-layout has-mobile-collapsedRows-layout has-vertical-center ticss-c00aadba has-light-bg\"><div class=\"wp-block-themeisle-blocks-advanced-columns-overlay\"><\/div><div class=\"innerblocks-wrap\">\n<div id=\"wp-block-themeisle-blocks-advanced-column-d16eef57\" class=\"wp-block-themeisle-blocks-advanced-column\">\n<div id=\"wp-block-themeisle-blocks-flip-d41aeeca\" class=\"wp-block-themeisle-blocks-flip anim flipY has-dark-back-bg\"><div class=\"o-flip-inner\"><div class=\"o-flip-front\"><div class=\"o-flip-content\"><img decoding=\"async\" class=\"o-img\" src=\"https:\/\/estadistica.unam.mx\/wp-content\/uploads\/2024\/12\/01-numeralia.png\" srcset=\"https:\/\/estadistica.unam.mx\/wp-content\/uploads\/2024\/12\/01-numeralia.png\" alt=\"\"\/><h3><strong>Numeralia<\/strong><\/h3><p><\/p><\/div><\/div><div class=\"o-flip-back\">\n<h3 class=\"wp-block-heading\"><strong>Numeralia<\/strong><\/h3>\n\n\n\n<p class=\"has-medium-font-size\">Explora los datos m\u00e1s destacados de la UNAM. Esta secci\u00f3n ofrece cifras clave sobre estudiantes, personal acad\u00e9mico, investigaci\u00f3n, infraestructura y m\u00e1s.<\/p>\n\n\n\n<div class=\"wp-block-buttons is-content-justification-center is-layout-flex wp-container-core-buttons-is-layout-a89b3969 wp-block-buttons-is-layout-flex\">\n<div class=\"wp-block-button is-style-fill\"><a class=\"wp-block-button__link has-accent-2-background-color has-background wp-element-button\" href=\"http:\/\/estadistica.unam.mx\/index.php\/numeralia\/\">Visitar<\/a><\/div>\n<\/div>\n<\/div><\/div><\/div>\n<\/div>\n\n\n\n<div id=\"wp-block-themeisle-blocks-advanced-column-07b3d357\" class=\"wp-block-themeisle-blocks-advanced-column\">\n<div id=\"wp-block-themeisle-blocks-flip-0e88360f\" class=\"wp-block-themeisle-blocks-flip anim flipY has-dark-back-bg\"><div class=\"o-flip-inner\"><div class=\"o-flip-front\"><div class=\"o-flip-content\"><img decoding=\"async\" class=\"o-img\" src=\"https:\/\/estadistica.unam.mx\/wp-content\/uploads\/2024\/12\/02-series.png\" srcset=\"https:\/\/estadistica.unam.mx\/wp-content\/uploads\/2024\/12\/02-series.png\" alt=\"\"\/><h3><strong>Series estad\u00edsticas<\/strong><\/h3><p><\/p><\/div><\/div><div class=\"o-flip-back\">\n<h3 class=\"wp-block-heading\"><strong>Series Estad\u00edsticas<\/strong><\/h3>\n\n\n\n<p class=\"has-medium-font-size\">Consulta estad\u00edsticas hist\u00f3ricas relevantes organizadas en series temporales que permiten analizar tendencias y cambios a lo largo del tiempo.<\/p>\n\n\n\n<div class=\"wp-block-buttons is-content-justification-center is-layout-flex wp-container-core-buttons-is-layout-a89b3969 wp-block-buttons-is-layout-flex\">\n<div class=\"wp-block-button is-style-fill\"><a class=\"wp-block-button__link has-accent-2-background-color has-background wp-element-button\" href=\"http:\/\/estadistica.unam.mx\/index.php\/series-estadisticas\/\">Visitar<\/a><\/div>\n<\/div>\n<\/div><\/div><\/div>\n<\/div>\n\n\n\n<div id=\"wp-block-themeisle-blocks-advanced-column-2b8e5412\" class=\"wp-block-themeisle-blocks-advanced-column\">\n<div id=\"wp-block-themeisle-blocks-flip-1b6e65e4\" class=\"wp-block-themeisle-blocks-flip anim flipY has-dark-back-bg\"><div class=\"o-flip-inner\"><div class=\"o-flip-front\"><div class=\"o-flip-content\"><img decoding=\"async\" class=\"o-img\" src=\"https:\/\/estadistica.unam.mx\/wp-content\/uploads\/2024\/12\/03-agenda.png\" srcset=\"https:\/\/estadistica.unam.mx\/wp-content\/uploads\/2024\/12\/03-agenda.png\" alt=\"\"\/><h3><strong>Agenda UNAM<\/strong><\/h3><p><\/p><\/div><\/div><div class=\"o-flip-back\">\n<h3 class=\"wp-block-heading\"><strong><strong>Agenda UNAM<\/strong><\/strong><\/h3>\n\n\n\n<p class=\"has-medium-font-size\">Mantente informado sobre las publicaciones, actualizaciones de datos y eventos relacionados con las estad\u00edsticas institucionales de la UNAM.<\/p>\n\n\n\n<div class=\"wp-block-buttons is-content-justification-center is-layout-flex wp-container-core-buttons-is-layout-a89b3969 wp-block-buttons-is-layout-flex\">\n<div class=\"wp-block-button is-style-fill\"><a class=\"wp-block-button__link has-accent-2-background-color has-background wp-element-button\" href=\"https:\/\/web.planeacion.unam.mx\/subdireccion-de-sistemas-de-informacion-estadistica\/agenda\/\" target=\"_blank\" rel=\"noreferrer noopener\">Visitar<\/a><\/div>\n<\/div>\n<\/div><\/div><\/div>\n<\/div>\n<\/div><\/div>\n\n\n\n<p><\/p>\n","protected":false},"excerpt":{"rendered":"<p>estad\u00edstica.unam Bienvenido al portal oficial de estad\u00edstica de la Universidad Nacional Aut\u00f3noma de M\u00e9xico. Aqu\u00ed encontrar\u00e1s informaci\u00f3n confiable, actualizada y organizada sobre el desempe\u00f1o acad\u00e9mico, actividades institucionales y proyectos estrat\u00e9gicos de la UNAM. Este portal est\u00e1 dise\u00f1ado para ofrecerte un panorama de las estad\u00edsticas m\u00e1s relevantes de la Universidad. Nuestra misi\u00f3n es promover la transparencia [&hellip;]<\/p>\n","protected":false},"author":1,"featured_media":0,"parent":0,"menu_order":0,"comment_status":"closed","ping_status":"closed","template":"","meta":{"_themeisle_gutenberg_block_has_review":false,"footnotes":""},"class_list":["post-105","page","type-page","status-publish","hentry"],"_links":{"self":[{"href":"https:\/\/estadistica.unam.mx\/index.php\/wp-json\/wp\/v2\/pages\/105","targetHints":{"allow":["GET"]}}],"collection":[{"href":"https:\/\/estadistica.unam.mx\/index.php\/wp-json\/wp\/v2\/pages"}],"about":[{"href":"https:\/\/estadistica.unam.mx\/index.php\/wp-json\/wp\/v2\/types\/page"}],"author":[{"embeddable":true,"href":"https:\/\/estadistica.unam.mx\/index.php\/wp-json\/wp\/v2\/users\/1"}],"replies":[{"embeddable":true,"href":"https:\/\/estadistica.unam.mx\/index.php\/wp-json\/wp\/v2\/comments?post=105"}],"version-history":[{"count":54,"href":"https:\/\/estadistica.unam.mx\/index.php\/wp-json\/wp\/v2\/pages\/105\/revisions"}],"predecessor-version":[{"id":1103,"href":"https:\/\/estadistica.unam.mx\/index.php\/wp-json\/wp\/v2\/pages\/105\/revisions\/1103"}],"wp:attachment":[{"href":"https:\/\/estadistica.unam.mx\/index.php\/wp-json\/wp\/v2\/media?parent=105"}],"curies":[{"name":"wp","href":"https:\/\/api.w.org\/{rel}","templated":true}]}}